{"id":510,"date":"2024-02-23T17:08:34","date_gmt":"2024-02-23T15:08:34","guid":{"rendered":"https:\/\/toprent.ee.psdev.lv\/privacy-policy\/"},"modified":"2024-12-03T19:06:00","modified_gmt":"2024-12-03T17:06:00","slug":"privatumo-politika","status":"publish","type":"page","link":"https:\/\/toprent.ee.psdev.lv\/lt\/privatumo-politika\/","title":{"rendered":"Privatumo politika"},"content":{"rendered":"<p>Jei norite su\u017einoti, koki\u0105 asmenin\u0119 informacij\u0105 turime apie jus, susisiekite su mumis \u017eemiau nurodytais kontaktais.<br \/>\nKai kurie duomenys, kuriuos renkame, gali b\u016bti laikomi asmeniniais, ir mes juos saugome pagal ES Reglament\u0105 2016\/679 (Bendrasis duomen\u0173 apsaugos reglamentas).<br \/>\nKai paskelbsime \u0161io privatumo parei\u0161kimo pakeitimus, \u012fra\u0161ysime paskutinio pakeitimo dat\u0105. Jei reik\u0161mingai pakeisime parei\u0161kim\u0105 arba tai, kaip naudojame j\u016bs\u0173 asmenin\u0119 informacij\u0105, mes apie tai prane\u0161ime, ai\u0161kiai informuodami jus prie\u0161 atliekant pakeitimus arba tiesiogiai atsi\u0173sdami prane\u0161im\u0105. Rekomenduojame periodi\u0161kai per\u017ei\u016br\u0117ti \u0161\u012f parei\u0161kim\u0105.<\/p>\n<p><strong>Kod\u0117l renkame duomenis<\/strong><\/p>\n<p>Mes apdorojame j\u016bs\u0173 duomenis tik tikslams, kurie yra pagr\u012fsti m\u016bs\u0173 paslaugomis. Mes tai darome, gerbdami j\u016bs\u0173 pagrindin\u0119 teis\u0119 \u012f privatum\u0105, \u012fskaitant b\u016btinyb\u0119 apsaugoti asmenin\u012f integralum\u0105 ir privatum\u0105, ir visada turime omenyje, kad nesirenkame daugiau duomen\u0173, nei reikia norint suteikti pageidaujam\u0105 paslaug\u0105. Jei n\u0117ra nurodyta kitaip, mes, \u201eToprent\u201c, nustatome j\u016bs\u0173 duomen\u0173 rinkimo tiksl\u0105 ir metod\u0105, o teisiniu po\u017ei\u016briu tai reik\u0161t\u0173, kad mes veikiame kaip \u201easmenini\u0173 duomen\u0173 tvarkymo vadovas\u201c.<\/p>\n<p>Mes renkame duomenis tam, kad gal\u0117tume:<\/p>\n<ul>\n<li>Teikti transporto priemon\u0117s rezervacijos paslaug\u0105<\/li>\n<li>Sudaryti nuomos sutart\u012f ir pateikti s\u0105skait\u0105 fakt\u016br\u0105<\/li>\n<li>Atsakyti \u012f j\u016bs\u0173 u\u017eklausas, skundus ir pretenzijas<\/li>\n<li>Si\u0173sti jums informacij\u0105 apie m\u016bs\u0173 pasi\u016blymus<\/li>\n<\/ul>\n<h2 style=\"text-align: center;\"><strong>Kokius duomenis mes renkame<\/strong><\/h2>\n<p><strong>Transporto priemon\u0117s rezervacija<\/strong><\/p>\n<p>Jei norite atlikti transporto priemon\u0117s rezervacij\u0105, reik\u0117s j\u016bs\u0173 asmenin\u0117s informacijos: vardo, pavard\u0117s, adres\u0105, telefono numer\u012f ir el. pa\u0161to adres\u0105.<\/p>\n<p><strong>Automobilio nuoma<\/strong><\/p>\n<p>Kai nuspr\u0119site i\u0161sinuomoti automobil\u012f i\u0161 m\u016bs\u0173 pasi\u016blymo, reik\u0117s \u0161iek tiek daugiau j\u016bs\u0173 asmenin\u0117s informacijos, kad gal\u0117tume sudaryti nuomos sutart\u012f. \u0160ie duomenys apima:<\/p>\n<ul>\n<li>vard\u0105 ir pavard\u0119<\/li>\n<li>adres\u0105, miest\u0105<\/li>\n<li>gimimo dat\u0105<\/li>\n<li>am\u017ei\u0173<\/li>\n<li>asmens tapatyb\u0117s kortel\u0117s \/ paso numer\u012f ir galiojimo laikotarp\u012f<\/li>\n<li>vairuotojo pa\u017eym\u0117jimo numer\u012f, i\u0161dav\u0117j\u0105 ir galiojimo dat\u0105<\/li>\n<li>banko kortel\u0117s numer\u012f<\/li>\n<li>telefono numer\u012f<\/li>\n<li>el. pa\u0161to adres\u0105<\/li>\n<\/ul>\n<p><strong>U\u017eklausa \/ Skundas \/ Pretenzija<\/strong><\/p>\n<p>Jei nesate patenkinti kokia nors paslauga arba norite prane\u0161ti apie problem\u0105 su transporto priemone, reik\u0117s \u0161i\u0173 j\u016bs\u0173 duomen\u0173:<\/p>\n<ul>\n<li>vardas ir pavard\u0117<\/li>\n<li>adresas<\/li>\n<li>telefono numeris<\/li>\n<li>asmens tapatyb\u0117s kortel\u0117s numeris ir galiojimo laikas<\/li>\n<li>vairuotojo pa\u017eym\u0117jimo numeris, i\u0161dav\u0117jas ir galiojimo data<\/li>\n<\/ul>\n<h2 style=\"text-align: center;\">Kaip mes renkame duomenis<\/h2>\n<p>Paprastai mes renkame duomenis \u0161iais b\u016bdais:<\/p>\n<ul>\n<li>Kai pra\u0161ote naudotis m\u016bs\u0173 paslaugomis<\/li>\n<li>Kai mums juos tiesiogiai pateikiate, pavyzd\u017eiui, siun\u010diant el. lai\u0161k\u0105 arba paskambinant<\/li>\n<li>Naudodamiesi m\u016bs\u0173 svetaine. \u201eToprent\u201c naudoja slapukus, tod\u0117l kai kurie asmeniniai duomenys gali b\u016bti renkami. Kas yra slapukai ir kaip juos naudojame, galite su\u017einoti m\u016bs\u0173 slapuk\u0173 politikos puslapyje.<\/li>\n<li>Per prisijungim\u0105 prie m\u016bs\u0173 naujienlai\u0161kio<\/li>\n<li>Per tiesioginio marketingo paslaugas, kurias galite gauti, pavyzd\u017eiui, el. pa\u0161tu arba tiesiogiai u\u017epild\u0119 civilin\u0119 form\u0105, pavyzd\u017eiui, atvykus \u012f m\u016bs\u0173 padalinius<\/li>\n<\/ul>\n<p>Kiek \u012fmanoma, mes informuosime jus, kokius duomenis turite pateikti prie\u0161 prad\u0117dami naudotis m\u016bs\u0173 paslaugomis.<br \/>\nM\u016bs\u0173 svetain\u0117je galime naudoti slapukus ar kitus duomen\u0173 rinkimo \u012frankius. Daugiau informacijos rasite m\u016bs\u0173 <a href=\"https:\/\/toprent.ee.psdev.lv\/lt\/slapuku-politika\/\">slapuk\u0173 politikoje<\/a>.<br \/>\nKai kurios tre\u010di\u0173j\u0173 \u0161ali\u0173 svetain\u0117s gali kontroliuoti sraut\u0105 i\u0161 m\u016bs\u0173 produkt\u0173 ir paslaug\u0173, pavyzd\u017eiui, paspaudim\u0173 skai\u010di\u0173 ir naudojamas paie\u0161kos s\u0105vokas. Mes neteikiame joki\u0173 asmens duomen\u0173 \u0161ioms paslaugoms.<\/p>\n<p><strong>Kaip mes apsaugome j\u016bs\u0173 duomenis<\/strong><\/p>\n<p>Mes taikome tinkamas technines ir administracines saugumo priemones, kad u\u017etikrintume, jog m\u016bs\u0173 vartotoj\u0173 duomenys b\u016bt\u0173 apsaugoti nuo neteis\u0117to ar atsitiktinio prieigos, naudojimo, keitimo ar praradimo. Priemon\u0117s reguliariai tikrinamos ir nuolat pritaikomos pagal dabartin\u0119 technologin\u0119 situacij\u0105.<br \/>\nMes tvarkome j\u016bs\u0173 informacij\u0105 laikydamiesi \u012fstatym\u0173. Taip pat reikalaujame, kad m\u016bs\u0173 tiek\u0117jai ir paslaug\u0173 teik\u0117jai pateikt\u0173 saugumo vertinimus ir \u012frodyt\u0173 atitikt\u012f galiojantiems \u012fstatymams ir pramon\u0117s standartams.<br \/>\nReguliariai tikriname, atnaujiname ir tobuliname darbo proced\u016bras, verslo procesus ir technines priemones, kad pagerintume j\u016bs\u0173 privatum\u0105 ir u\u017etikrintume, kad laikom\u0117s savo vidini\u0173 politik\u0173.<\/p>\n<p><strong>Kaip mes dalijam\u0117s j\u016bs\u0173 informacija<\/strong><\/p>\n<p>\u201eToprent\u201c gali perduoti j\u016bs\u0173 asmenin\u0119 informacij\u0105 tretiesiems asmenims \u0161iais atvejais:<\/p>\n<ul>\n<li>Siekiant \u012fvykdyti teisines prievoles, pavyzd\u017eiui, perduodant informacij\u0105 teismams ar kitoms kompetentingoms institucijoms, vykdant civilines, baud\u017eiam\u0105sias, administracines ar kitas proced\u016bras.<\/li>\n<li>Siekiant apsaugoti \u201eToprent\u201c teises, saugum\u0105 ar turt\u0105;<\/li>\n<li>Siekiant sudaryti ir (arba) vykdyti sutartis ar apdoroti sandorius su tarpininkais, agent\u016bromis, per kurias j\u016bs susisiek\u0117te su \u201eToprent\u201c.<\/li>\n<li>Siekiant u\u017ekirsti keli\u0105 arba apriboti \u017eal\u0105, kuri gal\u0117t\u0173 b\u016bti padaryta \u201eToprent\u201c;<\/li>\n<li>Kitais atvejais, jei j\u016bs suteik\u0117te leidim\u0105.<\/li>\n<\/ul>\n<p>\u201eToprent\u201c bet kokiu atveju, perduodama j\u016bs\u0173 asmenin\u0119 informacij\u0105 tretiesiems asmenims, u\u017edraus naudoti j\u016bs\u0173 asmeninius duomenis kitam tikslui, nei buvo sutarta, ir \u012fpareigos tre\u010diuosius asmenis laikytis konfidencialumo j\u016bs\u0173 asmens duomen\u0173 at\u017evilgiu.<\/p>\n<p><strong>Kaip ilgai mes saugome j\u016bs\u0173 duomenis<\/strong><\/p>\n<p>Asmens duomenys bus saugomi tik tiek, kiek reikia tikslams, kuriems jie buvo renkami. Arba tiek, kiek reikalauja m\u016bs\u0173 \u0161alies \u012fstatymai, kad duomen\u0173 tvarkymo vadovas saugot\u0173 asmens duomenis konfidencialiai.<br \/>\nAsmens duomenys gali b\u016bti saugomi ilgiau pagal tam tikras nustatytas s\u0105lygas, pavyzd\u017eiui, statistikos tikslams, archyvavimo vie\u0161aisiais tikslais.<br \/>\nJei j\u016bs\u0173 duomenys apdorojami remiantis j\u016bs\u0173 sutikimu, ir jei j\u016bs at\u0161auksite sutikim\u0105, mes nutrauksime duomen\u0173 apdorojim\u0105 ir nebevartosime j\u0173, ta\u010diau tai gali sukelti negal\u0117jim\u0105 naudotis kai kuriomis papildomomis paslaugomis.<br \/>\nAtkreipkite d\u0117mes\u012f, kad j\u016bs\u0173 duomenys nebus i\u0161trinti pagal nustatytus laiko intervalus, jei buvo prad\u0117tas priverstinis neapmok\u0117t\u0173 \u012fsiskolinim\u0173 i\u0161ie\u0161kojimas ar kita proced\u016bra. Tokiu atveju asmens duomenys bus i\u0161trinti tik po galutinio tos proced\u016bros i\u0161sprendimo arba pagal \u012fstatymin\u012f pretenzij\u0173 senat\u012f.<\/p>\n<p><strong>J\u016bs\u0173 teis\u0117s<\/strong><\/p>\n<ul>\n<li>Teis\u0117 susipa\u017einti su asmens duomenimis \u2013 turite teis\u0119 pra\u0161yti ir gauti informacij\u0105 apie jus apdorojamus asmens duomenis (ra\u0161tu, telefonu ar el. pa\u0161tu), jei j\u016bs\u0173 tapatyb\u0117 yra ai\u0161kiai nustatyta.<\/li>\n<li>Teis\u0117 taisyti arba atnaujinti asmens duomenis \u2013 jei j\u016bs\u0173 duomenys yra netiksl\u016bs ar nepilni, turite teis\u0119 juos taisyti arba atnaujinti ra\u0161tu arba asmeni\u0161kai.<\/li>\n<li>Teis\u0117 i\u0161trinti asmens duomenis \u2013 jei n\u0117ra jokios prie\u017easties, d\u0117l kurios j\u016bs\u0173 duomenys turi b\u016bti apdorojami, ir jei jie nebebus reikalingi, jie bus i\u0161trinti, nebent tai prie\u0161taraut\u0173 galiojan\u010dioms taisykl\u0117ms.<\/li>\n<li>Teis\u0117 at\u0161aukti sutikim\u0105 d\u0117l rinkodaros tiksl\u0173 \u2013 turite teis\u0119 bet kada at\u0161aukti suteikt\u0105 sutikim\u0105 gauti m\u016bs\u0173 rinkodaros informacij\u0105.<\/li>\n<li>Teis\u0117 prie\u0161tarauti asmens duomen\u0173 tvarkymui remiantis teis\u0117tu interesu \u2013 turite teis\u0119 bet kada ra\u0161tu arba asmeni\u0161kai pateikti prie\u0161taravimus d\u0117l j\u016bs\u0173 interes\u0173.<\/li>\n<li>Teis\u0117 pateikti skund\u0105 prie\u017ei\u016bros institucijai \u2013 turite teis\u0119 pateikti skund\u0105 d\u0117l asmens duomen\u0173 apsaugos \u012f m\u016bs\u0173 \u012fmon\u0117s adres\u0105 arba Lietuvos Valstybinei duomen\u0173 apsaugos inspekcijai.<\/li>\n<li>Teis\u0117 perkelti asmens duomenis \u2013 turite teis\u0119 pra\u0161yti, kad duomenys, kuriuos pateik\u0117te remdamiesi sutikimu ar sutartimi, b\u016bt\u0173 pateikti strukt\u016bruotame, \u012fprastai naudojamame ir ma\u0161inin\u0117s skaitomos formatu.<\/li>\n<li>Teis\u0117 riboti apdorojim\u0105 \u2013 turite teis\u0119 pra\u0161yti, kad b\u016bt\u0173 laikinai u\u017eblokuotas asmens duomen\u0173 apdorojimas, jei gin\u010dijate duomen\u0173 tikslum\u0105 arba b\u016btinyb\u0119 juos apdoroti.<\/li>\n<\/ul>\n<p><strong>Duomen\u0173 piktnaud\u017eiavimas<\/strong><\/p>\n<p>Mes galime taikyti pagr\u012fst\u0105 mokest\u012f u\u017e administracines i\u0161laidas arba atsisakyti veikti pagal j\u016bs\u0173 pra\u0161ym\u0105, jei j\u016bs\u0173 pra\u0161ymai yra ai\u0161kiai nepagr\u012fsti arba pertekliniai, ypa\u010d d\u0117l j\u0173 da\u017enai pasikartojan\u010dio pob\u016bd\u017eio.<\/p>\n<p><strong>Kontaktin\u0117 informacija<\/strong><\/p>\n<p>Jei norite su\u017einoti daugiau apie j\u016bs\u0173 asmens duomen\u0173 apsaug\u0105 arba norite pasinaudoti viena i\u0161 savo teisi\u0173, galite susisiekti su mumis el. pa\u0161tu: &#x69;&#x6e;&#x66;&#111;&#64;to&#x70;&#x72;&#x65;&#x6e;&#116;&#46;lt, telefonu +3706 1655 336 arba si\u0173sdami pra\u0161ym\u0105 adresu: SIA Toprent, Latvija, Dzirnieku iela, M\u0101rupe, M\u0101rupes novads, LV-2167.<\/p>\n","protected":false},"excerpt":{"rendered":"<p>Jei norite su\u017einoti, koki\u0105 asmenin\u0119 informacij\u0105 turime apie jus, susisiekite su mumis \u017eemiau nurodytais kontaktais. Kai kurie duomenys, kuriuos renkame, gali b\u016bti laikomi asmeniniais, ir mes juos saugome pagal ES Reglament\u0105 2016\/679 (Bendrasis duomen\u0173 apsaugos reglamentas). Kai paskelbsime \u0161io privatumo parei\u0161kimo pakeitimus, \u012fra\u0161ysime paskutinio pakeitimo dat\u0105. Jei reik\u0161mingai pakeisime parei\u0161kim\u0105 arba tai, kaip naudojame j\u016bs\u0173&#8230;<\/p>\n","protected":false},"author":1,"featured_media":0,"parent":0,"menu_order":0,"comment_status":"closed","ping_status":"closed","template":"","meta":{"_acf_changed":false,"footnotes":""},"class_list":["post-510","page","type-page","status-publish","hentry"],"acf":[],"rankMath":{"parentDomain":"toprent.ee.psdev.lv","noFollowDomains":[],"noFollowExcludeDomains":[],"noFollowExternalLinks":true,"featuredImageNotice":"The featured image should be at least 200 by 200 pixels to be picked up by Facebook and other social media sites.","pluginReviewed":false,"postSettings":{"linkSuggestions":true,"useFocusKeyword":false},"frontEndScore":false,"postName":"privatumo-politika","permalinkFormat":"https:\/\/toprent.ee.psdev.lv\/lt\/%pagename%\/","showLockModifiedDate":true,"assessor":{"focusKeywordLink":"https:\/\/toprent.ee.psdev.lv\/wp-admin\/edit.php?focus_keyword=%focus_keyword%&post_type=%post_type%","hasTOCPlugin":false,"primaryTaxonomy":false,"serpData":{"title":"","description":"","focusKeywords":"","pillarContent":false,"canonicalUrl":"","breadcrumbTitle":"","advancedRobots":{"max-snippet":"-1","max-video-preview":"-1","max-image-preview":"large"},"facebookTitle":"","facebookDescription":"","facebookImage":"","facebookImageID":"","facebookHasOverlay":false,"facebookImageOverlay":"","facebookAuthor":"","twitterCardType":"","twitterUseFacebook":true,"twitterTitle":"","twitterDescription":"","twitterImage":"","twitterImageID":"","twitterHasOverlay":false,"twitterImageOverlay":"","twitterPlayerUrl":"","twitterPlayerSize":"","twitterPlayerStream":"","twitterPlayerStreamCtype":"","twitterAppDescription":"","twitterAppIphoneName":"","twitterAppIphoneID":"","twitterAppIphoneUrl":"","twitterAppIpadName":"","twitterAppIpadID":"","twitterAppIpadUrl":"","twitterAppGoogleplayName":"","twitterAppGoogleplayID":"","twitterAppGoogleplayUrl":"","twitterAppCountry":"","robots":{"index":true},"twitterAuthor":"username","primaryTerm":0,"authorName":"ps","titleTemplate":"%title% %sep% %sitename%","descriptionTemplate":"%excerpt%","showScoreFrontend":true,"lockModifiedDate":false},"powerWords":[],"diacritics":{"A":"[\\u0041\\u24B6\\uFF21\\u00C0\\u00C1\\u00C2\\u1EA6\\u1EA4\\u1EAA\\u1EA8\\u00C3\\u0100\\u0102\\u1EB0\\u1EAE\\u1EB4\\u1EB2\\u0226\\u01E0\\u00C4\\u01DE\\u1EA2\\u00C5\\u01FA\\u01CD\\u0200\\u0202\\u1EA0\\u1EAC\\u1EB6\\u1E00\\u0104\\u023A\\u2C6F]","AA":"[\\uA732]","AE":"[\\u00C6\\u01FC\\u01E2]","AO":"[\\uA734]","AU":"[\\uA736]","AV":"[\\uA738\\uA73A]","AY":"[\\uA73C]","B":"[\\u0042\\u24B7\\uFF22\\u1E02\\u1E04\\u1E06\\u0243\\u0182\\u0181]","C":"[\\u0043\\u24B8\\uFF23\\u0106\\u0108\\u010A\\u010C\\u00C7\\u1E08\\u0187\\u023B\\uA73E]","D":"[\\u0044\\u24B9\\uFF24\\u1E0A\\u010E\\u1E0C\\u1E10\\u1E12\\u1E0E\\u0110\\u018B\\u018A\\u0189\\uA779]","DZ":"[\\u01F1\\u01C4]","Dz":"[\\u01F2\\u01C5]","E":"[\\u0045\\u24BA\\uFF25\\u00C8\\u00C9\\u00CA\\u1EC0\\u1EBE\\u1EC4\\u1EC2\\u1EBC\\u0112\\u1E14\\u1E16\\u0114\\u0116\\u00CB\\u1EBA\\u011A\\u0204\\u0206\\u1EB8\\u1EC6\\u0228\\u1E1C\\u0118\\u1E18\\u1E1A\\u0190\\u018E]","F":"[\\u0046\\u24BB\\uFF26\\u1E1E\\u0191\\uA77B]","G":"[\\u0047\\u24BC\\uFF27\\u01F4\\u011C\\u1E20\\u011E\\u0120\\u01E6\\u0122\\u01E4\\u0193\\uA7A0\\uA77D\\uA77E]","H":"[\\u0048\\u24BD\\uFF28\\u0124\\u1E22\\u1E26\\u021E\\u1E24\\u1E28\\u1E2A\\u0126\\u2C67\\u2C75\\uA78D]","I":"[\\u0049\\u24BE\\uFF29\\u00CC\\u00CD\\u00CE\\u0128\\u012A\\u012C\\u0130\\u00CF\\u1E2E\\u1EC8\\u01CF\\u0208\\u020A\\u1ECA\\u012E\\u1E2C\\u0197]","J":"[\\u004A\\u24BF\\uFF2A\\u0134\\u0248]","K":"[\\u004B\\u24C0\\uFF2B\\u1E30\\u01E8\\u1E32\\u0136\\u1E34\\u0198\\u2C69\\uA740\\uA742\\uA744\\uA7A2]","L":"[\\u004C\\u24C1\\uFF2C\\u013F\\u0139\\u013D\\u1E36\\u1E38\\u013B\\u1E3C\\u1E3A\\u0141\\u023D\\u2C62\\u2C60\\uA748\\uA746\\uA780]","LJ":"[\\u01C7]","Lj":"[\\u01C8]","M":"[\\u004D\\u24C2\\uFF2D\\u1E3E\\u1E40\\u1E42\\u2C6E\\u019C]","N":"[\\u004E\\u24C3\\uFF2E\\u01F8\\u0143\\u00D1\\u1E44\\u0147\\u1E46\\u0145\\u1E4A\\u1E48\\u0220\\u019D\\uA790\\uA7A4]","NJ":"[\\u01CA]","Nj":"[\\u01CB]","O":"[\\u004F\\u24C4\\uFF2F\\u00D2\\u00D3\\u00D4\\u1ED2\\u1ED0\\u1ED6\\u1ED4\\u00D5\\u1E4C\\u022C\\u1E4E\\u014C\\u1E50\\u1E52\\u014E\\u022E\\u0230\\u00D6\\u022A\\u1ECE\\u0150\\u01D1\\u020C\\u020E\\u01A0\\u1EDC\\u1EDA\\u1EE0\\u1EDE\\u1EE2\\u1ECC\\u1ED8\\u01EA\\u01EC\\u00D8\\u01FE\\u0186\\u019F\\uA74A\\uA74C]","OI":"[\\u01A2]","OO":"[\\uA74E]","OU":"[\\u0222]","P":"[\\u0050\\u24C5\\uFF30\\u1E54\\u1E56\\u01A4\\u2C63\\uA750\\uA752\\uA754]","Q":"[\\u0051\\u24C6\\uFF31\\uA756\\uA758\\u024A]","R":"[\\u0052\\u24C7\\uFF32\\u0154\\u1E58\\u0158\\u0210\\u0212\\u1E5A\\u1E5C\\u0156\\u1E5E\\u024C\\u2C64\\uA75A\\uA7A6\\uA782]","S":"[\\u0053\\u24C8\\uFF33\\u1E9E\\u015A\\u1E64\\u015C\\u1E60\\u0160\\u1E66\\u1E62\\u1E68\\u0218\\u015E\\u2C7E\\uA7A8\\uA784]","T":"[\\u0054\\u24C9\\uFF34\\u1E6A\\u0164\\u1E6C\\u021A\\u0162\\u1E70\\u1E6E\\u0166\\u01AC\\u01AE\\u023E\\uA786]","TZ":"[\\uA728]","U":"[\\u0055\\u24CA\\uFF35\\u00D9\\u00DA\\u00DB\\u0168\\u1E78\\u016A\\u1E7A\\u016C\\u00DC\\u01DB\\u01D7\\u01D5\\u01D9\\u1EE6\\u016E\\u0170\\u01D3\\u0214\\u0216\\u01AF\\u1EEA\\u1EE8\\u1EEE\\u1EEC\\u1EF0\\u1EE4\\u1E72\\u0172\\u1E76\\u1E74\\u0244]","V":"[\\u0056\\u24CB\\uFF36\\u1E7C\\u1E7E\\u01B2\\uA75E\\u0245]","VY":"[\\uA760]","W":"[\\u0057\\u24CC\\uFF37\\u1E80\\u1E82\\u0174\\u1E86\\u1E84\\u1E88\\u2C72]","X":"[\\u0058\\u24CD\\uFF38\\u1E8A\\u1E8C]","Y":"[\\u0059\\u24CE\\uFF39\\u1EF2\\u00DD\\u0176\\u1EF8\\u0232\\u1E8E\\u0178\\u1EF6\\u1EF4\\u01B3\\u024E\\u1EFE]","Z":"[\\u005A\\u24CF\\uFF3A\\u0179\\u1E90\\u017B\\u017D\\u1E92\\u1E94\\u01B5\\u0224\\u2C7F\\u2C6B\\uA762]","a":"[\\u0061\\u24D0\\uFF41\\u1E9A\\u00E0\\u00E1\\u00E2\\u1EA7\\u1EA5\\u1EAB\\u1EA9\\u00E3\\u0101\\u0103\\u1EB1\\u1EAF\\u1EB5\\u1EB3\\u0227\\u01E1\\u00E4\\u01DF\\u1EA3\\u00E5\\u01FB\\u01CE\\u0201\\u0203\\u1EA1\\u1EAD\\u1EB7\\u1E01\\u0105\\u2C65\\u0250]","aa":"[\\uA733]","ae":"[\\u00E6\\u01FD\\u01E3]","ao":"[\\uA735]","au":"[\\uA737]","av":"[\\uA739\\uA73B]","ay":"[\\uA73D]","b":"[\\u0062\\u24D1\\uFF42\\u1E03\\u1E05\\u1E07\\u0180\\u0183\\u0253]","c":"[\\u0063\\u24D2\\uFF43\\u0107\\u0109\\u010B\\u010D\\u00E7\\u1E09\\u0188\\u023C\\uA73F\\u2184]","d":"[\\u0064\\u24D3\\uFF44\\u1E0B\\u010F\\u1E0D\\u1E11\\u1E13\\u1E0F\\u0111\\u018C\\u0256\\u0257\\uA77A]","dz":"[\\u01F3\\u01C6]","e":"[\\u0065\\u24D4\\uFF45\\u00E8\\u00E9\\u00EA\\u1EC1\\u1EBF\\u1EC5\\u1EC3\\u1EBD\\u0113\\u1E15\\u1E17\\u0115\\u0117\\u00EB\\u1EBB\\u011B\\u0205\\u0207\\u1EB9\\u1EC7\\u0229\\u1E1D\\u0119\\u1E19\\u1E1B\\u0247\\u025B\\u01DD]","f":"[\\u0066\\u24D5\\uFF46\\u1E1F\\u0192\\uA77C]","g":"[\\u0067\\u24D6\\uFF47\\u01F5\\u011D\\u1E21\\u011F\\u0121\\u01E7\\u0123\\u01E5\\u0260\\uA7A1\\u1D79\\uA77F]","h":"[\\u0068\\u24D7\\uFF48\\u0125\\u1E23\\u1E27\\u021F\\u1E25\\u1E29\\u1E2B\\u1E96\\u0127\\u2C68\\u2C76\\u0265]","hv":"[\\u0195]","i":"[\\u0069\\u24D8\\uFF49\\u00EC\\u00ED\\u00EE\\u0129\\u012B\\u012D\\u00EF\\u1E2F\\u1EC9\\u01D0\\u0209\\u020B\\u1ECB\\u012F\\u1E2D\\u0268\\u0131]","j":"[\\u006A\\u24D9\\uFF4A\\u0135\\u01F0\\u0249]","k":"[\\u006B\\u24DA\\uFF4B\\u1E31\\u01E9\\u1E33\\u0137\\u1E35\\u0199\\u2C6A\\uA741\\uA743\\uA745\\uA7A3]","l":"[\\u006C\\u24DB\\uFF4C\\u0140\\u013A\\u013E\\u1E37\\u1E39\\u013C\\u1E3D\\u1E3B\\u017F\\u0142\\u019A\\u026B\\u2C61\\uA749\\uA781\\uA747]","lj":"[\\u01C9]","m":"[\\u006D\\u24DC\\uFF4D\\u1E3F\\u1E41\\u1E43\\u0271\\u026F]","n":"[\\u006E\\u24DD\\uFF4E\\u01F9\\u0144\\u00F1\\u1E45\\u0148\\u1E47\\u0146\\u1E4B\\u1E49\\u019E\\u0272\\u0149\\uA791\\uA7A5]","nj":"[\\u01CC]","o":"[\\u006F\\u24DE\\uFF4F\\u00F2\\u00F3\\u00F4\\u1ED3\\u1ED1\\u1ED7\\u1ED5\\u00F5\\u1E4D\\u022D\\u1E4F\\u014D\\u1E51\\u1E53\\u014F\\u022F\\u0231\\u00F6\\u022B\\u1ECF\\u0151\\u01D2\\u020D\\u020F\\u01A1\\u1EDD\\u1EDB\\u1EE1\\u1EDF\\u1EE3\\u1ECD\\u1ED9\\u01EB\\u01ED\\u00F8\\u01FF\\u0254\\uA74B\\uA74D\\u0275]","oi":"[\\u01A3]","ou":"[\\u0223]","oo":"[\\uA74F]","p":"[\\u0070\\u24DF\\uFF50\\u1E55\\u1E57\\u01A5\\u1D7D\\uA751\\uA753\\uA755]","q":"[\\u0071\\u24E0\\uFF51\\u024B\\uA757\\uA759]","r":"[\\u0072\\u24E1\\uFF52\\u0155\\u1E59\\u0159\\u0211\\u0213\\u1E5B\\u1E5D\\u0157\\u1E5F\\u024D\\u027D\\uA75B\\uA7A7\\uA783]","s":"[\\u0073\\u24E2\\uFF53\\u015B\\u1E65\\u015D\\u1E61\\u0161\\u1E67\\u1E63\\u1E69\\u0219\\u015F\\u023F\\uA7A9\\uA785\\u1E9B]","ss":"[\\u00DF]","t":"[\\u0074\\u24E3\\uFF54\\u1E6B\\u1E97\\u0165\\u1E6D\\u021B\\u0163\\u1E71\\u1E6F\\u0167\\u01AD\\u0288\\u2C66\\uA787]","tz":"[\\uA729]","u":"[\\u0075\\u24E4\\uFF55\\u00F9\\u00FA\\u00FB\\u0169\\u1E79\\u016B\\u1E7B\\u016D\\u00FC\\u01DC\\u01D8\\u01D6\\u01DA\\u1EE7\\u016F\\u0171\\u01D4\\u0215\\u0217\\u01B0\\u1EEB\\u1EE9\\u1EEF\\u1EED\\u1EF1\\u1EE5\\u1E73\\u0173\\u1E77\\u1E75\\u0289]","v":"[\\u0076\\u24E5\\uFF56\\u1E7D\\u1E7F\\u028B\\uA75F\\u028C]","vy":"[\\uA761]","w":"[\\u0077\\u24E6\\uFF57\\u1E81\\u1E83\\u0175\\u1E87\\u1E85\\u1E98\\u1E89\\u2C73]","x":"[\\u0078\\u24E7\\uFF58\\u1E8B\\u1E8D]","y":"[\\u0079\\u24E8\\uFF59\\u1EF3\\u00FD\\u0177\\u1EF9\\u0233\\u1E8F\\u00FF\\u1EF7\\u1E99\\u1EF5\\u01B4\\u024F\\u1EFF]","z":"[\\u007A\\u24E9\\uFF5A\\u017A\\u1E91\\u017C\\u017E\\u1E93\\u1E95\\u01B6\\u0225\\u0240\\u2C6C\\uA763]"},"researchesTests":["contentHasTOC","contentHasShortParagraphs","contentHasAssets","keywordInTitle","keywordInMetaDescription","keywordInPermalink","keywordIn10Percent","keywordInContent","keywordInSubheadings","keywordInImageAlt","keywordDensity","keywordNotUsed","lengthContent","lengthPermalink","linksHasInternal","linksHasExternals","linksNotAllExternals","titleStartWithKeyword","titleSentiment","titleHasPowerWords","titleHasNumber","hasContentAI"],"hasRedirection":false,"hasBreadcrumb":false},"homeUrl":"https:\/\/toprent.ee.psdev.lv\/lt\/","objectID":510,"objectType":"post","locale":"lt","localeFull":"lt_LT","overlayImages":{"play":{"name":"Play icon","url":"https:\/\/toprent.ee.psdev.lv\/wp-content\/plugins\/seo-by-rank-math\/assets\/admin\/img\/icon-play.png","path":"\/var\/www\/vhosts\/toprent.com\/toprent.ee.psdev.lv\/wp-content\/plugins\/seo-by-rank-math\/assets\/admin\/img\/icon-play.png","position":"middle_center"},"gif":{"name":"GIF icon","url":"https:\/\/toprent.ee.psdev.lv\/wp-content\/plugins\/seo-by-rank-math\/assets\/admin\/img\/icon-gif.png","path":"\/var\/www\/vhosts\/toprent.com\/toprent.ee.psdev.lv\/wp-content\/plugins\/seo-by-rank-math\/assets\/admin\/img\/icon-gif.png","position":"middle_center"}},"defautOgImage":"https:\/\/toprent.ee.psdev.lv\/wp-content\/uploads\/2024\/02\/hero.jpg","customPermalinks":true,"isUserRegistered":true,"autoSuggestKeywords":true,"connectSiteUrl":"https:\/\/rankmath.com\/auth?site=https%3A%2F%2Ftoprent.ee.psdev.lv%2Flt%2F&r=https%3A%2F%2Ftoprent.ee.psdev.lv%2Flt%2Fwp-json%2Fwp%2Fv2%2Fpages%2F510%3Fnonce%3D76c3d0ed72","maxTags":5,"trendsIcon":"<svg viewBox=\"0 0 610 610\"><path d=\"M18.85,446,174.32,290.48l58.08,58.08L76.93,504a14.54,14.54,0,0,1-20.55,0L18.83,466.48a14.54,14.54,0,0,1,0-20.55Z\" style=\"fill:#4285f4\"\/><path d=\"M242.65,242.66,377.59,377.6l-47.75,47.75a14.54,14.54,0,0,1-20.55,0L174.37,290.43l47.75-47.75A14.52,14.52,0,0,1,242.65,242.66Z\" style=\"fill:#ea4335\"\/><polygon points=\"319.53 319.53 479.26 159.8 537.34 217.88 377.61 377.62 319.53 319.53\" style=\"fill:#fabb05\"\/><path d=\"M594.26,262.73V118.61h0a16.94,16.94,0,0,0-16.94-16.94H433.2a16.94,16.94,0,0,0-12,28.92L565.34,274.71h0a16.94,16.94,0,0,0,28.92-12Z\" style=\"fill:#34a853\"\/><rect width=\"610\" height=\"610\" style=\"fill:none\"\/><\/svg>","showScore":true,"siteFavIcon":"https:\/\/toprent.ee.psdev.lv\/wp-content\/uploads\/2024\/02\/favicon-150x150.png","canUser":{"general":false,"advanced":false,"snippet":false,"social":false,"analysis":false,"analytics":false,"content_ai":false},"showKeywordIntent":true,"isPro":false,"is_front_page":false,"trendsUpgradeLink":"https:\/\/rankmath.com\/pricing\/?utm_source=Plugin&utm_medium=CE%20General%20Tab%20Trends&utm_campaign=WP","trendsUpgradeLabel":"Upgrade","trendsPreviewImage":"https:\/\/toprent.ee.psdev.lv\/wp-content\/plugins\/seo-by-rank-math\/assets\/admin\/img\/trends-preview.jpg","currentEditor":false,"homepageData":{"assessor":{"powerWords":[],"diacritics":true,"researchesTests":["contentHasTOC","contentHasShortParagraphs","contentHasAssets","keywordInTitle","keywordInMetaDescription","keywordInPermalink","keywordIn10Percent","keywordInContent","keywordInSubheadings","keywordInImageAlt","keywordDensity","keywordNotUsed","lengthContent","lengthPermalink","linksHasInternal","linksHasExternals","linksNotAllExternals","titleStartWithKeyword","titleSentiment","titleHasPowerWords","titleHasNumber","hasContentAI"],"hasBreadcrumb":false,"serpData":{"title":"%sitename% %page% %sep% %sitedesc%","description":"","titleTemplate":"%sitename% %page% %sep% %sitedesc%","descriptionTemplate":"","focusKeywords":"","breadcrumbTitle":"Home","robots":{"index":true},"advancedRobots":{"max-snippet":"-1","max-video-preview":"-1","max-image-preview":"large"},"facebookTitle":"","facebookDescription":"","facebookImage":"","facebookImageID":""}}},"tocTitle":"Table of Contents","tocExcludeHeadings":[],"listStyle":"ul"},"_links":{"self":[{"href":"https:\/\/toprent.ee.psdev.lv\/lt\/wp-json\/wp\/v2\/pages\/510","targetHints":{"allow":["GET"]}}],"collection":[{"href":"https:\/\/toprent.ee.psdev.lv\/lt\/wp-json\/wp\/v2\/pages"}],"about":[{"href":"https:\/\/toprent.ee.psdev.lv\/lt\/wp-json\/wp\/v2\/types\/page"}],"author":[{"embeddable":true,"href":"https:\/\/toprent.ee.psdev.lv\/lt\/wp-json\/wp\/v2\/users\/1"}],"replies":[{"embeddable":true,"href":"https:\/\/toprent.ee.psdev.lv\/lt\/wp-json\/wp\/v2\/comments?post=510"}],"version-history":[{"count":4,"href":"https:\/\/toprent.ee.psdev.lv\/lt\/wp-json\/wp\/v2\/pages\/510\/revisions"}],"predecessor-version":[{"id":2377,"href":"https:\/\/toprent.ee.psdev.lv\/lt\/wp-json\/wp\/v2\/pages\/510\/revisions\/2377"}],"wp:attachment":[{"href":"https:\/\/toprent.ee.psdev.lv\/lt\/wp-json\/wp\/v2\/media?parent=510"}],"curies":[{"name":"wp","href":"https:\/\/api.w.org\/{rel}","templated":true}]}}